{"id":2784,"date":"2026-03-24T12:12:13","date_gmt":"2026-03-24T11:12:13","guid":{"rendered":"https:\/\/isafom.cnr.it\/?page_id=2784"},"modified":"2026-03-26T07:18:58","modified_gmt":"2026-03-26T06:18:58","slug":"nodo","status":"publish","type":"page","link":"https:\/\/isafom.cnr.it\/en\/nodo\/","title":{"rendered":"Workshop for Interconnected Electronic and Information Systems, NODO (L3.02)"},"content":{"rendered":"<p><strong><img loading=\"lazy\" decoding=\"async\" class=\"size-medium wp-image-2801 aligncenter\" src=\"https:\/\/isafom.cnr.it\/wp-content\/uploads\/2026\/03\/ChatGPT-Image-24-mar-2026-12_56_29-e1774353390801-300x144.png\" alt=\"\" width=\"300\" height=\"144\" srcset=\"https:\/\/isafom.cnr.it\/wp-content\/uploads\/2026\/03\/ChatGPT-Image-24-mar-2026-12_56_29-e1774353390801-300x144.png 300w, https:\/\/isafom.cnr.it\/wp-content\/uploads\/2026\/03\/ChatGPT-Image-24-mar-2026-12_56_29-e1774353390801-768x368.png 768w, https:\/\/isafom.cnr.it\/wp-content\/uploads\/2026\/03\/ChatGPT-Image-24-mar-2026-12_56_29-e1774353390801-18x9.png 18w, https:\/\/isafom.cnr.it\/wp-content\/uploads\/2026\/03\/ChatGPT-Image-24-mar-2026-12_56_29-e1774353390801.png 830w\" sizes=\"auto, (max-width: 300px) 100vw, 300px\" \/><br \/>\nOfficina dei Sistemi Elettronici ed Informatici Interconnessi, NODO (L3.02)<\/strong><\/p>\n<p><strong>Responsabile &amp; Preposto:<\/strong> <a href=\"https:\/\/isafom.cnr.it\/esposito-andrea\/\" target=\"_blank\" rel=\"noopener\">Andrea Esposito<\/a><\/p>\n<div class=\"flex flex-col text-sm keyboard-open:pb-[calc(var(--composer-height,100px)+var(--screen-keyboard-height,0))] pb-25\">\n<section class=\"text-token-text-primary w-full focus:outline-none [--shadow-height:45px] has-data-writing-block:pointer-events-none has-data-writing-block:-mt-(--shadow-height) has-data-writing-block:pt-(--shadow-height) [&amp;:has([data-writing-block])&gt;*]:pointer-events-auto scroll-mt-[calc(var(--header-height)+min(200px,max(70px,20svh)))]\" dir=\"auto\" data-turn-id=\"request-WEB:1202ca41-c509-49d8-85ca-c2dc7c24623a-1\" data-testid=\"conversation-turn-4\" data-scroll-anchor=\"false\" data-turn=\"assistant\">\n<div class=\"text-base my-auto mx-auto [--thread-content-margin:var(--thread-content-margin-xs,calc(var(--spacing)*4))] @w-sm\/main:[--thread-content-margin:var(--thread-content-margin-sm,calc(var(--spacing)*6))] @w-lg\/main:[--thread-content-margin:var(--thread-content-margin-lg,calc(var(--spacing)*16))] px-(--thread-content-margin)\">\n<div class=\"[--thread-content-max-width:40rem] @w-lg\/main:[--thread-content-max-width:48rem] mx-auto max-w-(--thread-content-max-width) flex-1 group\/turn-messages focus-visible:outline-hidden relative flex w-full min-w-0 flex-col agent-turn\">\n<div class=\"flex max-w-full flex-col gap-4 grow\">\n<div class=\"min-h-8 text-message relative flex w-full flex-col items-end gap-2 text-start break-words whitespace-normal outline-none keyboard-focused:focus-ring [.text-message+&amp;]:mt-1\" dir=\"auto\" data-message-author-role=\"assistant\" data-message-id=\"10766873-e391-4198-90c2-e56b4ba51ceb\" data-message-model-slug=\"gpt-5-3\">\n<div class=\"flex w-full flex-col gap-1 empty:hidden\">\n<div class=\"markdown prose dark:prose-invert w-full wrap-break-word light markdown-new-styling\">\n<div class=\"flex flex-col text-sm keyboard-open:pb-[calc(var(--composer-height,100px)+var(--screen-keyboard-height,0))] pb-25\">\n<section class=\"text-token-text-primary w-full focus:outline-none [--shadow-height:45px] has-data-writing-block:pointer-events-none has-data-writing-block:-mt-(--shadow-height) has-data-writing-block:pt-(--shadow-height) [&amp;:has([data-writing-block])&gt;*]:pointer-events-auto scroll-mt-[calc(var(--header-height)+min(200px,max(70px,20svh)))]\" dir=\"auto\" data-turn-id=\"request-WEB:1202ca41-c509-49d8-85ca-c2dc7c24623a-5\" data-testid=\"conversation-turn-12\" data-scroll-anchor=\"true\" data-turn=\"assistant\">\n<div class=\"text-base my-auto mx-auto pb-10 [--thread-content-margin:var(--thread-content-margin-xs,calc(var(--spacing)*4))] @w-sm\/main:[--thread-content-margin:var(--thread-content-margin-sm,calc(var(--spacing)*6))] @w-lg\/main:[--thread-content-margin:var(--thread-content-margin-lg,calc(var(--spacing)*16))] px-(--thread-content-margin)\">\n<div class=\"[--thread-content-max-width:40rem] @w-lg\/main:[--thread-content-max-width:48rem] mx-auto max-w-(--thread-content-max-width) flex-1 group\/turn-messages focus-visible:outline-hidden relative flex w-full min-w-0 flex-col agent-turn\">\n<div class=\"flex max-w-full flex-col gap-4 grow\">\n<div class=\"min-h-8 text-message relative flex w-full flex-col items-end gap-2 text-start break-words whitespace-normal outline-none keyboard-focused:focus-ring [.text-message+&amp;]:mt-1\" dir=\"auto\" tabindex=\"0\" data-message-author-role=\"assistant\" data-message-id=\"d3e531d8-5f33-4f6e-a53e-cb778a67b239\" data-message-model-slug=\"gpt-5-3\" data-turn-start-message=\"true\">\n<div class=\"flex w-full flex-col gap-1 empty:hidden\">\n<div class=\"markdown prose dark:prose-invert w-full wrap-break-word light markdown-new-styling\">\n<p data-start=\"131\" data-end=\"536\">L\u2019officina <em>NODO<\/em> \u00e8 una\u00a0<strong data-start=\"153\" data-end=\"193\">struttura di servizio del CNR-ISAFOM<\/strong>, istituita a supporto diretto delle attivit\u00e0 scientifiche e dei progetti dell\u2019Istituto. Opera nell\u2019ambito dei sistemi elettronici e informatici interconnessi, con l\u2019obiettivo di integrare in un unico ambiente operativo competenze di elettronica e informatica, superando la tradizionale separazione tra sviluppo hardware e gestione software.<\/p>\n<p data-start=\"538\" data-end=\"807\">La strumentazione scientifica contemporanea \u00e8 sempre pi\u00f9 basata su\u00a0<strong data-start=\"605\" data-end=\"629\">sensori intelligenti<\/strong>, capaci di comunicare tra loro e di trasmettere dati in rete, consentendo la realizzazione di sistemi distribuiti integrabili con le infrastrutture informatiche dell\u2019Istituto.<\/p>\n<p data-start=\"809\" data-end=\"1041\">In questo contesto, l\u2019officina <em>NODO<\/em> supporta la\u00a0<strong data-start=\"857\" data-end=\"944\">progettazione e integrazione di sistemi embedded, reti di sensori e dispositivi IoT<\/strong>, garantendo\u00a0<strong data-start=\"957\" data-end=\"1014\">continuit\u00e0 operativa, affidabilit\u00e0 e interoperabilit\u00e0<\/strong>\u00a0nei progetti di ricerca.<\/p>\n<p data-start=\"1043\" data-end=\"1343\">L\u2019officina raccoglie il testimone del precedente <em>ERA Lab \u2013 Environmental Research Aircraft Laboratory<\/em>, attivo presso la storica sede ISAFOM di Ercolano, ereditandone l\u2019approccio sperimentale e riorganizzandolo in una struttura orientata alle esigenze operative e all\u2019evoluzione tecnologica attuale.<\/p>\n<p data-start=\"1345\" data-end=\"1581\" data-is-last-node=\"\" data-is-only-node=\"\">La denominazione <em>NODO<\/em> richiama la funzione dell\u2019officina come\u00a0<strong data-start=\"1407\" data-end=\"1464\">elemento di connessione tra elettronica e informatica<\/strong>, favorendo l\u2019integrazione tra dispositivi, dati e infrastrutture a supporto dell\u2019attivit\u00e0 scientifica dell\u2019Istituto.<\/p>\n<\/div>\n<\/div>\n<\/div>\n<\/div>\n<\/div>\n<\/div>\n<\/section>\n<\/div>\n<\/div>\n<\/div>\n<\/div>\n<\/div>\n<\/div>\n<\/div>\n<\/section>\n<\/div>\n","protected":false},"excerpt":{"rendered":"<p>Officina dei Sistemi Elettronici ed Informatici Interconnessi, NODO (L3.<\/p>","protected":false},"author":1,"featured_media":0,"parent":0,"menu_order":0,"comment_status":"closed","ping_status":"closed","template":"","meta":{"_acf_changed":false,"footnotes":""},"categories":[],"tags":[],"class_list":["post-2784","page","type-page","status-publish","hentry"],"acf":[],"yoast_head":"<!-- This site is optimized with the Yoast SEO plugin v27.3 - https:\/\/yoast.com\/product\/yoast-seo-wordpress\/ -->\n<title>Officina Dei Sistemi Elettronici Ed Informatici Interconnessi, NODO (L3.02) - CNR - ISAFOM<\/title>\n<meta name=\"robots\" content=\"index, follow, max-snippet:-1, max-image-preview:large, max-video-preview:-1\" \/>\n<link rel=\"canonical\" href=\"https:\/\/isafom.cnr.it\/en\/nodo\/\" \/>\n<meta property=\"og:locale\" content=\"en_GB\" \/>\n<meta property=\"og:type\" content=\"article\" \/>\n<meta property=\"og:title\" content=\"Officina Dei Sistemi Elettronici Ed Informatici Interconnessi, NODO (L3.02) - CNR - ISAFOM\" \/>\n<meta property=\"og:description\" content=\"Officina dei Sistemi Elettronici ed Informatici Interconnessi, NODO (L3.\" \/>\n<meta property=\"og:url\" content=\"https:\/\/isafom.cnr.it\/en\/nodo\/\" \/>\n<meta property=\"og:site_name\" content=\"CNR - ISAFOM\" \/>\n<meta property=\"article:publisher\" content=\"https:\/\/www.facebook.com\/CNR.ISAFOM\" \/>\n<meta property=\"article:modified_time\" content=\"2026-03-26T06:18:58+00:00\" \/>\n<meta property=\"og:image\" content=\"https:\/\/isafom.cnr.it\/wp-content\/uploads\/2026\/03\/ChatGPT-Image-24-mar-2026-12_56_29-e1774353390801.png\" \/>\n\t<meta property=\"og:image:width\" content=\"830\" \/>\n\t<meta property=\"og:image:height\" content=\"398\" \/>\n\t<meta property=\"og:image:type\" content=\"image\/png\" \/>\n<meta name=\"twitter:card\" content=\"summary_large_image\" \/>\n<meta name=\"twitter:site\" content=\"@isafomcnr\" \/>\n<meta name=\"twitter:label1\" content=\"Estimated reading time\" \/>\n\t<meta name=\"twitter:data1\" content=\"2 minutes\" \/>\n<script type=\"application\/ld+json\" class=\"yoast-schema-graph\">{\"@context\":\"https:\\\/\\\/schema.org\",\"@graph\":[{\"@type\":\"WebPage\",\"@id\":\"https:\\\/\\\/isafom.cnr.it\\\/nodo\\\/\",\"url\":\"https:\\\/\\\/isafom.cnr.it\\\/nodo\\\/\",\"name\":\"Officina Dei Sistemi Elettronici Ed Informatici Interconnessi, NODO (L3.02) - CNR - ISAFOM\",\"isPartOf\":{\"@id\":\"https:\\\/\\\/isafom.cnr.it\\\/#website\"},\"primaryImageOfPage\":{\"@id\":\"https:\\\/\\\/isafom.cnr.it\\\/nodo\\\/#primaryimage\"},\"image\":{\"@id\":\"https:\\\/\\\/isafom.cnr.it\\\/nodo\\\/#primaryimage\"},\"thumbnailUrl\":\"https:\\\/\\\/isafom.cnr.it\\\/wp-content\\\/uploads\\\/2026\\\/03\\\/ChatGPT-Image-24-mar-2026-12_56_29-e1774353390801-300x144.png\",\"datePublished\":\"2026-03-24T11:12:13+00:00\",\"dateModified\":\"2026-03-26T06:18:58+00:00\",\"breadcrumb\":{\"@id\":\"https:\\\/\\\/isafom.cnr.it\\\/nodo\\\/#breadcrumb\"},\"inLanguage\":\"en-GB\",\"potentialAction\":[{\"@type\":\"ReadAction\",\"target\":[\"https:\\\/\\\/isafom.cnr.it\\\/nodo\\\/\"]}]},{\"@type\":\"ImageObject\",\"inLanguage\":\"en-GB\",\"@id\":\"https:\\\/\\\/isafom.cnr.it\\\/nodo\\\/#primaryimage\",\"url\":\"https:\\\/\\\/isafom.cnr.it\\\/wp-content\\\/uploads\\\/2026\\\/03\\\/ChatGPT-Image-24-mar-2026-12_56_29-e1774353390801-300x144.png\",\"contentUrl\":\"https:\\\/\\\/isafom.cnr.it\\\/wp-content\\\/uploads\\\/2026\\\/03\\\/ChatGPT-Image-24-mar-2026-12_56_29-e1774353390801-300x144.png\"},{\"@type\":\"BreadcrumbList\",\"@id\":\"https:\\\/\\\/isafom.cnr.it\\\/nodo\\\/#breadcrumb\",\"itemListElement\":[{\"@type\":\"ListItem\",\"position\":1,\"name\":\"Home\",\"item\":\"https:\\\/\\\/isafom.cnr.it\\\/\"},{\"@type\":\"ListItem\",\"position\":2,\"name\":\"Officina Dei Sistemi Elettronici Ed Informatici Interconnessi, NODO (L3.02)\"}]},{\"@type\":\"WebSite\",\"@id\":\"https:\\\/\\\/isafom.cnr.it\\\/#website\",\"url\":\"https:\\\/\\\/isafom.cnr.it\\\/\",\"name\":\"CNR - ISAFoM\",\"description\":\"Istituto per i Sistemi Agricoli e Forestali del Mediterraneo\",\"publisher\":{\"@id\":\"https:\\\/\\\/isafom.cnr.it\\\/#organization\"},\"potentialAction\":[{\"@type\":\"SearchAction\",\"target\":{\"@type\":\"EntryPoint\",\"urlTemplate\":\"https:\\\/\\\/isafom.cnr.it\\\/?s={search_term_string}\"},\"query-input\":{\"@type\":\"PropertyValueSpecification\",\"valueRequired\":true,\"valueName\":\"search_term_string\"}}],\"inLanguage\":\"en-GB\"},{\"@type\":\"Organization\",\"@id\":\"https:\\\/\\\/isafom.cnr.it\\\/#organization\",\"name\":\"CNR - ISAFoM\",\"url\":\"https:\\\/\\\/isafom.cnr.it\\\/\",\"logo\":{\"@type\":\"ImageObject\",\"inLanguage\":\"en-GB\",\"@id\":\"https:\\\/\\\/isafom.cnr.it\\\/#\\\/schema\\\/logo\\\/image\\\/\",\"url\":\"https:\\\/\\\/isafom.cnr.it\\\/wp-content\\\/uploads\\\/2025\\\/03\\\/cropped-LOGO_ISAFOM.png\",\"contentUrl\":\"https:\\\/\\\/isafom.cnr.it\\\/wp-content\\\/uploads\\\/2025\\\/03\\\/cropped-LOGO_ISAFOM.png\",\"width\":200,\"height\":200,\"caption\":\"CNR - ISAFoM\"},\"image\":{\"@id\":\"https:\\\/\\\/isafom.cnr.it\\\/#\\\/schema\\\/logo\\\/image\\\/\"},\"sameAs\":[\"https:\\\/\\\/www.facebook.com\\\/CNR.ISAFOM\",\"https:\\\/\\\/x.com\\\/isafomcnr\",\"https:\\\/\\\/www.instagram.com\\\/cnr_isafom\\\/\"]}]}<\/script>\n<!-- \/ Yoast SEO plugin. -->","yoast_head_json":{"title":"Officina Dei Sistemi Elettronici Ed Informatici Interconnessi, NODO (L3.02) - CNR - ISAFOM","robots":{"index":"index","follow":"follow","max-snippet":"max-snippet:-1","max-image-preview":"max-image-preview:large","max-video-preview":"max-video-preview:-1"},"canonical":"https:\/\/isafom.cnr.it\/en\/nodo\/","og_locale":"en_GB","og_type":"article","og_title":"Officina Dei Sistemi Elettronici Ed Informatici Interconnessi, NODO (L3.02) - CNR - ISAFOM","og_description":"Officina dei Sistemi Elettronici ed Informatici Interconnessi, NODO (L3.","og_url":"https:\/\/isafom.cnr.it\/en\/nodo\/","og_site_name":"CNR - ISAFOM","article_publisher":"https:\/\/www.facebook.com\/CNR.ISAFOM","article_modified_time":"2026-03-26T06:18:58+00:00","og_image":[{"width":830,"height":398,"url":"https:\/\/isafom.cnr.it\/wp-content\/uploads\/2026\/03\/ChatGPT-Image-24-mar-2026-12_56_29-e1774353390801.png","type":"image\/png"}],"twitter_card":"summary_large_image","twitter_site":"@isafomcnr","twitter_misc":{"Estimated reading time":"2 minutes"},"schema":{"@context":"https:\/\/schema.org","@graph":[{"@type":"WebPage","@id":"https:\/\/isafom.cnr.it\/nodo\/","url":"https:\/\/isafom.cnr.it\/nodo\/","name":"Officina Dei Sistemi Elettronici Ed Informatici Interconnessi, NODO (L3.02) - CNR - ISAFOM","isPartOf":{"@id":"https:\/\/isafom.cnr.it\/#website"},"primaryImageOfPage":{"@id":"https:\/\/isafom.cnr.it\/nodo\/#primaryimage"},"image":{"@id":"https:\/\/isafom.cnr.it\/nodo\/#primaryimage"},"thumbnailUrl":"https:\/\/isafom.cnr.it\/wp-content\/uploads\/2026\/03\/ChatGPT-Image-24-mar-2026-12_56_29-e1774353390801-300x144.png","datePublished":"2026-03-24T11:12:13+00:00","dateModified":"2026-03-26T06:18:58+00:00","breadcrumb":{"@id":"https:\/\/isafom.cnr.it\/nodo\/#breadcrumb"},"inLanguage":"en-GB","potentialAction":[{"@type":"ReadAction","target":["https:\/\/isafom.cnr.it\/nodo\/"]}]},{"@type":"ImageObject","inLanguage":"en-GB","@id":"https:\/\/isafom.cnr.it\/nodo\/#primaryimage","url":"https:\/\/isafom.cnr.it\/wp-content\/uploads\/2026\/03\/ChatGPT-Image-24-mar-2026-12_56_29-e1774353390801-300x144.png","contentUrl":"https:\/\/isafom.cnr.it\/wp-content\/uploads\/2026\/03\/ChatGPT-Image-24-mar-2026-12_56_29-e1774353390801-300x144.png"},{"@type":"BreadcrumbList","@id":"https:\/\/isafom.cnr.it\/nodo\/#breadcrumb","itemListElement":[{"@type":"ListItem","position":1,"name":"Home","item":"https:\/\/isafom.cnr.it\/"},{"@type":"ListItem","position":2,"name":"Officina Dei Sistemi Elettronici Ed Informatici Interconnessi, NODO (L3.02)"}]},{"@type":"WebSite","@id":"https:\/\/isafom.cnr.it\/#website","url":"https:\/\/isafom.cnr.it\/","name":"CNR - ISAFoM","description":"Institute for Agricultural and Forest Systems in the Mediterranean","publisher":{"@id":"https:\/\/isafom.cnr.it\/#organization"},"potentialAction":[{"@type":"SearchAction","target":{"@type":"EntryPoint","urlTemplate":"https:\/\/isafom.cnr.it\/?s={search_term_string}"},"query-input":{"@type":"PropertyValueSpecification","valueRequired":true,"valueName":"search_term_string"}}],"inLanguage":"en-GB"},{"@type":"Organization","@id":"https:\/\/isafom.cnr.it\/#organization","name":"CNR - ISAFoM","url":"https:\/\/isafom.cnr.it\/","logo":{"@type":"ImageObject","inLanguage":"en-GB","@id":"https:\/\/isafom.cnr.it\/#\/schema\/logo\/image\/","url":"https:\/\/isafom.cnr.it\/wp-content\/uploads\/2025\/03\/cropped-LOGO_ISAFOM.png","contentUrl":"https:\/\/isafom.cnr.it\/wp-content\/uploads\/2025\/03\/cropped-LOGO_ISAFOM.png","width":200,"height":200,"caption":"CNR - ISAFoM"},"image":{"@id":"https:\/\/isafom.cnr.it\/#\/schema\/logo\/image\/"},"sameAs":["https:\/\/www.facebook.com\/CNR.ISAFOM","https:\/\/x.com\/isafomcnr","https:\/\/www.instagram.com\/cnr_isafom\/"]}]}},"_links":{"self":[{"href":"https:\/\/isafom.cnr.it\/en\/wp-json\/wp\/v2\/pages\/2784","targetHints":{"allow":["GET"]}}],"collection":[{"href":"https:\/\/isafom.cnr.it\/en\/wp-json\/wp\/v2\/pages"}],"about":[{"href":"https:\/\/isafom.cnr.it\/en\/wp-json\/wp\/v2\/types\/page"}],"author":[{"embeddable":true,"href":"https:\/\/isafom.cnr.it\/en\/wp-json\/wp\/v2\/users\/1"}],"replies":[{"embeddable":true,"href":"https:\/\/isafom.cnr.it\/en\/wp-json\/wp\/v2\/comments?post=2784"}],"version-history":[{"count":12,"href":"https:\/\/isafom.cnr.it\/en\/wp-json\/wp\/v2\/pages\/2784\/revisions"}],"predecessor-version":[{"id":2804,"href":"https:\/\/isafom.cnr.it\/en\/wp-json\/wp\/v2\/pages\/2784\/revisions\/2804"}],"wp:attachment":[{"href":"https:\/\/isafom.cnr.it\/en\/wp-json\/wp\/v2\/media?parent=2784"}],"wp:term":[{"taxonomy":"category","embeddable":true,"href":"https:\/\/isafom.cnr.it\/en\/wp-json\/wp\/v2\/categories?post=2784"},{"taxonomy":"post_tag","embeddable":true,"href":"https:\/\/isafom.cnr.it\/en\/wp-json\/wp\/v2\/tags?post=2784"}],"curies":[{"name":"wp","href":"https:\/\/api.w.org\/{rel}","templated":true}]}}